{"id":427,"date":"2019-04-10T06:50:04","date_gmt":"2019-04-10T06:50:04","guid":{"rendered":"http:\/\/localhost\/impressum-2\/"},"modified":"2025-12-02T12:35:27","modified_gmt":"2025-12-02T12:35:27","slug":"impressum","status":"publish","type":"page","link":"https:\/\/digitallaboratory.de\/?page_id=427","title":{"rendered":"Impressum"},"content":{"rendered":"\t\t<div data-elementor-type=\"wp-page\" data-elementor-id=\"427\" class=\"elementor elementor-427\">\n\t\t\t\t\t\t<section class=\"elementor-section elementor-top-section elementor-element elementor-element-53e7dd50 elementor-section-boxed elementor-section-height-default elementor-section-height-default\" data-id=\"53e7dd50\" data-element_type=\"section\" data-e-type=\"section\">\n\t\t\t\t\t\t<div class=\"elementor-container elementor-column-gap-default\">\n\t\t\t\t\t<div class=\"elementor-column elementor-col-100 elementor-top-column elementor-element elementor-element-6754896b\" data-id=\"6754896b\" data-element_type=\"column\" data-e-type=\"column\">\n\t\t\t<div class=\"elementor-widget-wrap elementor-element-populated\">\n\t\t\t\t\t\t<div class=\"elementor-element elementor-element-127d56b7 elementor-widget elementor-widget-text-editor\" data-id=\"127d56b7\" data-element_type=\"widget\" data-e-type=\"widget\" data-widget_type=\"text-editor.default\">\n\t\t\t\t<div class=\"elementor-widget-container\">\n\t\t\t\t\t\t\t\t\t<p><\/p>\n<h2 class=\"wp-block-heading\">Angaben gem\u00e4\u00df \u00a7 5 TMG<\/h2>\n<p><\/p>\n<p><strong>Digital Laboratory<\/strong> <br>Bahnhofstra\u00dfe 61<br>87435 Kempten (Allg\u00e4u)<\/p>\n<p><\/p>\n<p><strong>Leitung:<\/strong><br>Prof. Dr. Stefan Wind<br>Prof. Dr. Gerald Winz<\/p>\n<p><\/p>\n<p><strong>Tr\u00e4ger (Diensteanbieter im Sinne des RStV\/TMG):<\/strong><br>Hochschule f\u00fcr angewandte Wissenschaften Kempten<br>Bahnhofstra\u00dfe 61<br>87435 Kempten<br>Telefon: 0831\/25 23-0<br>E-Mail: digitallab@hs-kempten.de<\/p>\n<p><\/p>\n<h2 class=\"wp-block-heading\">Verantwortlich f\u00fcr den Inhalt nach \u00a7 55 Abs. 2 RStV<\/h2>\n<p><\/p>\n<p>Prof. Dr. Stefan Wind<br>Prof. Dr. Gerald Winz<br>Bahnhofstra\u00dfe 61<br>87435 Kempten (Allg\u00e4u)<\/p>\n<p><\/p>\n<p>Wir sind nicht bereit oder verpflichtet, an Streitbeilegungsverfahren vor einer Verbraucherschlichtungsstelle teilzunehmen.<\/p>\n<p><\/p>\n<h3 class=\"wp-block-heading\">Haftung f\u00fcr Inhalte<\/h3>\n<p><\/p>\n<p>Als Diensteanbieter sind wir gem\u00e4\u00df \u00a7 7 Abs.1 TMG f\u00fcr eigene Inhalte auf diesen Seiten nach den allgemeinen Gesetzen verantwortlich. Nach \u00a7\u00a7 8 bis 10 TMG sind wir als Diensteanbieter jedoch nicht verpflichtet, \u00fcbermittelte oder gespeicherte fremde Informationen zu \u00fcberwachen oder nach Umst\u00e4nden zu forschen, die auf eine rechtswidrige T\u00e4tigkeit hinweisen.<\/p>\n<p><\/p>\n<p>Verpflichtungen zur Entfernung oder Sperrung der Nutzung von Informationen nach den allgemeinen Gesetzen bleiben hiervon unber\u00fchrt. Eine diesbez\u00fcgliche Haftung ist jedoch erst ab dem Zeitpunkt der Kenntnis einer konkreten Rechtsverletzung m\u00f6glich. Bei Bekanntwerden von entsprechenden Rechtsverletzungen werden wir diese Inhalte umgehend entfernen.<\/p>\n<p><\/p>\n<h3 class=\"wp-block-heading\">Haftung f\u00fcr Links<\/h3>\n<p><\/p>\n<p>Unser Angebot enth\u00e4lt Links zu externen Websites Dritter, auf deren Inhalte wir keinen Einfluss haben. Deshalb k\u00f6nnen wir f\u00fcr diese fremden Inhalte auch keine Gew\u00e4hr \u00fcbernehmen. F\u00fcr die Inhalte der verlinkten Seiten ist stets der jeweilige Anbieter oder Betreiber der Seiten verantwortlich. Die verlinkten Seiten wurden zum Zeitpunkt der Verlinkung auf m\u00f6gliche Rechtsverst\u00f6\u00dfe \u00fcberpr\u00fcft. Rechtswidrige Inhalte waren zum Zeitpunkt der Verlinkung nicht erkennbar.<\/p>\n<p><\/p>\n<p>Eine permanente inhaltliche Kontrolle der verlinkten Seiten ist jedoch ohne konkrete Anhaltspunkte einer Rechtsverletzung nicht zumutbar. Bei Bekanntwerden von Rechtsverletzungen werden wir derartige Links umgehend entfernen.<\/p>\n<p><\/p>\n<h3 class=\"wp-block-heading\">Urheberrecht<\/h3>\n<p><\/p>\n<p>Die durch die Seitenbetreiber erstellten Inhalte und Werke auf diesen Seiten unterliegen dem deutschen Urheberrecht. Die Vervielf\u00e4ltigung, Bearbeitung, Verbreitung und jede Art der Verwertung au\u00dferhalb der Grenzen des Urheberrechtes bed\u00fcrfen der schriftlichen Zustimmung des jeweiligen Autors bzw. Erstellers. Downloads und Kopien dieser Seite sind nur f\u00fcr den privaten, nicht kommerziellen Gebrauch gestattet.<\/p>\n<p><\/p>\n<p>Soweit die Inhalte auf dieser Seite nicht vom Betreiber erstellt wurden, werden die Urheberrechte Dritter beachtet. Insbesondere werden Inhalte Dritter als solche gekennzeichnet. Sollten Sie trotzdem auf eine Urheberrechtsverletzung aufmerksam werden, bitten wir um einen entsprechenden Hinweis. Bei Bekanntwerden von Rechtsverletzungen werden wir derartige Inhalte umgehend entfernen.<\/p>\n<p><\/p>\n<p>Quelle:<br><a href=\"http:\/\/e-recht24.de\">e-recht24.de<\/a><\/p>\n<p><\/p>\t\t\t\t\t\t\t\t<\/div>\n\t\t\t\t<\/div>\n\t\t\t\t\t<\/div>\n\t\t<\/div>\n\t\t\t\t\t<\/div>\n\t\t<\/section>\n\t\t\t\t<\/div>\n\t\t","protected":false},"excerpt":{"rendered":"<p>Angaben gem\u00e4\u00df \u00a7 5 TMG Digital Laboratory Bahnhofstra\u00dfe 6187435 Kempten (Allg\u00e4u) Leitung:Prof. Dr. Stefan WindProf. Dr. Gerald Winz Tr\u00e4ger (Diensteanbieter im Sinne des RStV\/TMG):Hochschule f\u00fcr angewandte Wissenschaften KemptenBahnhofstra\u00dfe 6187435 KemptenTelefon: 0831\/25 23-0E-Mail: digitallab@hs-kempten.de Verantwortlich f\u00fcr den Inhalt nach \u00a7 55 Abs. 2 RStV Prof. Dr. Stefan WindProf. Dr. Gerald WinzBahnhofstra\u00dfe 6187435 Kempten (Allg\u00e4u) Wir sind&hellip;<\/p>\n","protected":false},"author":1,"featured_media":0,"parent":0,"menu_order":0,"comment_status":"closed","ping_status":"closed","template":"","meta":{"footnotes":""},"class_list":["post-427","page","type-page","status-publish","hentry"],"yoast_head":"<!-- This site is optimized with the Yoast SEO plugin v27.1.1 - https:\/\/yoast.com\/product\/yoast-seo-wordpress\/ -->\n<title>Impressum - Digital Laboratory<\/title>\n<meta name=\"description\" content=\"Digital, Laboratory, Lab, Digitalisierung, Industrie, 4.0, Industrie 4.0, Kempten, Hochschule, Hochschule Kempten, Forschung, Forschungszentrum, Allg\u00e4u, Forschungszentrum Allg\u00e4u, Innovation, DMG Mori, Software, Informatik, Maschinenbau\" \/>\n<meta name=\"robots\" content=\"index, follow, max-snippet:-1, max-image-preview:large, max-video-preview:-1\" \/>\n<link rel=\"canonical\" href=\"https:\/\/digitallaboratory.de\/?page_id=427\" \/>\n<meta property=\"og:locale\" content=\"de_DE\" \/>\n<meta property=\"og:type\" content=\"article\" \/>\n<meta property=\"og:title\" content=\"Impressum - Digital Laboratory\" \/>\n<meta property=\"og:description\" content=\"Digital, Laboratory, Lab, Digitalisierung, Industrie, 4.0, Industrie 4.0, Kempten, Hochschule, Hochschule Kempten, Forschung, Forschungszentrum, Allg\u00e4u, Forschungszentrum Allg\u00e4u, Innovation, DMG Mori, Software, Informatik, Maschinenbau\" \/>\n<meta property=\"og:url\" content=\"https:\/\/digitallaboratory.de\/?page_id=427\" \/>\n<meta property=\"og:site_name\" content=\"Digital Laboratory\" \/>\n<meta property=\"article:modified_time\" content=\"2025-12-02T12:35:27+00:00\" \/>\n<meta name=\"twitter:card\" content=\"summary_large_image\" \/>\n<meta name=\"twitter:label1\" content=\"Gesch\u00e4tzte Lesezeit\" \/>\n\t<meta name=\"twitter:data1\" content=\"3\u00a0Minuten\" \/>\n<script type=\"application\/ld+json\" class=\"yoast-schema-graph\">{\"@context\":\"https:\/\/schema.org\",\"@graph\":[{\"@type\":\"WebPage\",\"@id\":\"https:\/\/digitallaboratory.de\/?page_id=427\",\"url\":\"https:\/\/digitallaboratory.de\/?page_id=427\",\"name\":\"Impressum - Digital Laboratory\",\"isPartOf\":{\"@id\":\"https:\/\/digitallaboratory.de\/#website\"},\"datePublished\":\"2019-04-10T06:50:04+00:00\",\"dateModified\":\"2025-12-02T12:35:27+00:00\",\"description\":\"Digital, Laboratory, Lab, Digitalisierung, Industrie, 4.0, Industrie 4.0, Kempten, Hochschule, Hochschule Kempten, Forschung, Forschungszentrum, Allg\u00e4u, Forschungszentrum Allg\u00e4u, Innovation, DMG Mori, Software, Informatik, Maschinenbau\",\"breadcrumb\":{\"@id\":\"https:\/\/digitallaboratory.de\/?page_id=427#breadcrumb\"},\"inLanguage\":\"de\",\"potentialAction\":[{\"@type\":\"ReadAction\",\"target\":[\"https:\/\/digitallaboratory.de\/?page_id=427\"]}]},{\"@type\":\"BreadcrumbList\",\"@id\":\"https:\/\/digitallaboratory.de\/?page_id=427#breadcrumb\",\"itemListElement\":[{\"@type\":\"ListItem\",\"position\":1,\"name\":\"Home\",\"item\":\"https:\/\/digitallaboratory.de\/\"},{\"@type\":\"ListItem\",\"position\":2,\"name\":\"Impressum\"}]},{\"@type\":\"WebSite\",\"@id\":\"https:\/\/digitallaboratory.de\/#website\",\"url\":\"https:\/\/digitallaboratory.de\/\",\"name\":\"Digital Laboratory\",\"description\":\"Forschungszentrum Allg\u00e4u\",\"publisher\":{\"@id\":\"https:\/\/digitallaboratory.de\/#organization\"},\"potentialAction\":[{\"@type\":\"SearchAction\",\"target\":{\"@type\":\"EntryPoint\",\"urlTemplate\":\"https:\/\/digitallaboratory.de\/?s={search_term_string}\"},\"query-input\":{\"@type\":\"PropertyValueSpecification\",\"valueRequired\":true,\"valueName\":\"search_term_string\"}}],\"inLanguage\":\"de\"},{\"@type\":\"Organization\",\"@id\":\"https:\/\/digitallaboratory.de\/#organization\",\"name\":\"Digital Laboratory\",\"url\":\"https:\/\/digitallaboratory.de\/\",\"logo\":{\"@type\":\"ImageObject\",\"inLanguage\":\"de\",\"@id\":\"https:\/\/digitallaboratory.de\/#\/schema\/logo\/image\/\",\"url\":\"https:\/\/digitallaboratory.de\/wp-content\/uploads\/2019\/05\/DigitalLab_Logo.png\",\"contentUrl\":\"https:\/\/digitallaboratory.de\/wp-content\/uploads\/2019\/05\/DigitalLab_Logo.png\",\"width\":852,\"height\":115,\"caption\":\"Digital Laboratory\"},\"image\":{\"@id\":\"https:\/\/digitallaboratory.de\/#\/schema\/logo\/image\/\"}}]}<\/script>\n<!-- \/ Yoast SEO plugin. -->","yoast_head_json":{"title":"Impressum - Digital Laboratory","description":"Digital, Laboratory, Lab, Digitalisierung, Industrie, 4.0, Industrie 4.0, Kempten, Hochschule, Hochschule Kempten, Forschung, Forschungszentrum, Allg\u00e4u, Forschungszentrum Allg\u00e4u, Innovation, DMG Mori, Software, Informatik, Maschinenbau","robots":{"index":"index","follow":"follow","max-snippet":"max-snippet:-1","max-image-preview":"max-image-preview:large","max-video-preview":"max-video-preview:-1"},"canonical":"https:\/\/digitallaboratory.de\/?page_id=427","og_locale":"de_DE","og_type":"article","og_title":"Impressum - Digital Laboratory","og_description":"Digital, Laboratory, Lab, Digitalisierung, Industrie, 4.0, Industrie 4.0, Kempten, Hochschule, Hochschule Kempten, Forschung, Forschungszentrum, Allg\u00e4u, Forschungszentrum Allg\u00e4u, Innovation, DMG Mori, Software, Informatik, Maschinenbau","og_url":"https:\/\/digitallaboratory.de\/?page_id=427","og_site_name":"Digital Laboratory","article_modified_time":"2025-12-02T12:35:27+00:00","twitter_card":"summary_large_image","twitter_misc":{"Gesch\u00e4tzte Lesezeit":"3\u00a0Minuten"},"schema":{"@context":"https:\/\/schema.org","@graph":[{"@type":"WebPage","@id":"https:\/\/digitallaboratory.de\/?page_id=427","url":"https:\/\/digitallaboratory.de\/?page_id=427","name":"Impressum - Digital Laboratory","isPartOf":{"@id":"https:\/\/digitallaboratory.de\/#website"},"datePublished":"2019-04-10T06:50:04+00:00","dateModified":"2025-12-02T12:35:27+00:00","description":"Digital, Laboratory, Lab, Digitalisierung, Industrie, 4.0, Industrie 4.0, Kempten, Hochschule, Hochschule Kempten, Forschung, Forschungszentrum, Allg\u00e4u, Forschungszentrum Allg\u00e4u, Innovation, DMG Mori, Software, Informatik, Maschinenbau","breadcrumb":{"@id":"https:\/\/digitallaboratory.de\/?page_id=427#breadcrumb"},"inLanguage":"de","potentialAction":[{"@type":"ReadAction","target":["https:\/\/digitallaboratory.de\/?page_id=427"]}]},{"@type":"BreadcrumbList","@id":"https:\/\/digitallaboratory.de\/?page_id=427#breadcrumb","itemListElement":[{"@type":"ListItem","position":1,"name":"Home","item":"https:\/\/digitallaboratory.de\/"},{"@type":"ListItem","position":2,"name":"Impressum"}]},{"@type":"WebSite","@id":"https:\/\/digitallaboratory.de\/#website","url":"https:\/\/digitallaboratory.de\/","name":"Digital Laboratory","description":"Forschungszentrum Allg\u00e4u","publisher":{"@id":"https:\/\/digitallaboratory.de\/#organization"},"potentialAction":[{"@type":"SearchAction","target":{"@type":"EntryPoint","urlTemplate":"https:\/\/digitallaboratory.de\/?s={search_term_string}"},"query-input":{"@type":"PropertyValueSpecification","valueRequired":true,"valueName":"search_term_string"}}],"inLanguage":"de"},{"@type":"Organization","@id":"https:\/\/digitallaboratory.de\/#organization","name":"Digital Laboratory","url":"https:\/\/digitallaboratory.de\/","logo":{"@type":"ImageObject","inLanguage":"de","@id":"https:\/\/digitallaboratory.de\/#\/schema\/logo\/image\/","url":"https:\/\/digitallaboratory.de\/wp-content\/uploads\/2019\/05\/DigitalLab_Logo.png","contentUrl":"https:\/\/digitallaboratory.de\/wp-content\/uploads\/2019\/05\/DigitalLab_Logo.png","width":852,"height":115,"caption":"Digital Laboratory"},"image":{"@id":"https:\/\/digitallaboratory.de\/#\/schema\/logo\/image\/"}}]}},"_links":{"self":[{"href":"https:\/\/digitallaboratory.de\/index.php?rest_route=\/wp\/v2\/pages\/427","targetHints":{"allow":["GET"]}}],"collection":[{"href":"https:\/\/digitallaboratory.de\/index.php?rest_route=\/wp\/v2\/pages"}],"about":[{"href":"https:\/\/digitallaboratory.de\/index.php?rest_route=\/wp\/v2\/types\/page"}],"author":[{"embeddable":true,"href":"https:\/\/digitallaboratory.de\/index.php?rest_route=\/wp\/v2\/users\/1"}],"replies":[{"embeddable":true,"href":"https:\/\/digitallaboratory.de\/index.php?rest_route=%2Fwp%2Fv2%2Fcomments&post=427"}],"version-history":[{"count":5,"href":"https:\/\/digitallaboratory.de\/index.php?rest_route=\/wp\/v2\/pages\/427\/revisions"}],"predecessor-version":[{"id":1947,"href":"https:\/\/digitallaboratory.de\/index.php?rest_route=\/wp\/v2\/pages\/427\/revisions\/1947"}],"wp:attachment":[{"href":"https:\/\/digitallaboratory.de\/index.php?rest_route=%2Fwp%2Fv2%2Fmedia&parent=427"}],"curies":[{"name":"wp","href":"https:\/\/api.w.org\/{rel}","templated":true}]}}