{"id":477,"date":"2019-05-20T11:14:53","date_gmt":"2019-05-20T11:14:53","guid":{"rendered":"https:\/\/digitallaboratory.de\/?page_id=477"},"modified":"2026-01-12T15:17:23","modified_gmt":"2026-01-12T15:17:23","slug":"industriepartner","status":"publish","type":"page","link":"https:\/\/digitallaboratory.de\/?page_id=477","title":{"rendered":"Industriepartner"},"content":{"rendered":"\t\t<div data-elementor-type=\"wp-post\" data-elementor-id=\"477\" class=\"elementor elementor-477\">\n\t\t\t\t\t\t<section class=\"elementor-section elementor-top-section elementor-element elementor-element-177339e elementor-section-boxed elementor-section-height-default elementor-section-height-default\" data-id=\"177339e\" data-element_type=\"section\" data-e-type=\"section\">\n\t\t\t\t\t\t<div class=\"elementor-container elementor-column-gap-default\">\n\t\t\t\t\t<div class=\"elementor-column elementor-col-33 elementor-top-column elementor-element elementor-element-4fcd39d\" data-id=\"4fcd39d\" data-element_type=\"column\" data-e-type=\"column\">\n\t\t\t<div class=\"elementor-widget-wrap elementor-element-populated\">\n\t\t\t\t\t\t<div class=\"elementor-element elementor-element-405895f elementor-widget elementor-widget-image\" data-id=\"405895f\" data-element_type=\"widget\" data-e-type=\"widget\" data-widget_type=\"image.default\">\n\t\t\t\t<div class=\"elementor-widget-container\">\n\t\t\t\t\t\t\t\t\t\t\t\t\t\t\t<img fetchpriority=\"high\" decoding=\"async\" width=\"1024\" height=\"240\" src=\"https:\/\/digitallaboratory.de\/wp-content\/uploads\/2025\/12\/DMGMORI-Pfronten-1-1024x240.png\" class=\"attachment-large size-large wp-image-1952\" alt=\"\" srcset=\"https:\/\/digitallaboratory.de\/wp-content\/uploads\/2025\/12\/DMGMORI-Pfronten-1-1024x240.png 1024w, https:\/\/digitallaboratory.de\/wp-content\/uploads\/2025\/12\/DMGMORI-Pfronten-1-300x70.png 300w, https:\/\/digitallaboratory.de\/wp-content\/uploads\/2025\/12\/DMGMORI-Pfronten-1-768x180.png 768w, https:\/\/digitallaboratory.de\/wp-content\/uploads\/2025\/12\/DMGMORI-Pfronten-1.png 1177w\" sizes=\"(max-width: 1024px) 100vw, 1024px\" \/>\t\t\t\t\t\t\t\t\t\t\t\t\t\t\t<\/div>\n\t\t\t\t<\/div>\n\t\t\t\t\t<\/div>\n\t\t<\/div>\n\t\t\t\t<div class=\"elementor-column elementor-col-66 elementor-top-column elementor-element elementor-element-aaf064f\" data-id=\"aaf064f\" data-element_type=\"column\" data-e-type=\"column\">\n\t\t\t<div class=\"elementor-widget-wrap elementor-element-populated\">\n\t\t\t\t\t\t<div class=\"elementor-element elementor-element-b1aef3c elementor-widget elementor-widget-text-editor\" data-id=\"b1aef3c\" data-element_type=\"widget\" data-e-type=\"widget\" data-widget_type=\"text-editor.default\">\n\t\t\t\t<div class=\"elementor-widget-container\">\n\t\t\t\t\t\t\t\t\t<p>Durch DMG MORI, einem weltweit f\u00fchrender Hersteller von CNC-gesteuerten Dreh- und Fr\u00e4smaschinen, wurde die Gr\u00fcndung des Digital Laboratory mitinitiiert. Mit der DMU 75 Monoblock von DECKEL MAHO wurde das Digital Laboratory mit einer hochmodernen 5-Achs-Fr\u00e4smaschine ausgestattet, die ein gro\u00dfes Sensorpacket, einen Sp\u00e4nef\u00f6rderer und Aggregate f\u00fcr den K\u00fchl-Schmierstoff Kreislauf enth\u00e4lt.<\/p>\t\t\t\t\t\t\t\t<\/div>\n\t\t\t\t<\/div>\n\t\t\t\t\t<\/div>\n\t\t<\/div>\n\t\t\t\t\t<\/div>\n\t\t<\/section>\n\t\t\t\t<section class=\"elementor-section elementor-top-section elementor-element elementor-element-54f21d8 elementor-section-boxed elementor-section-height-default elementor-section-height-default\" data-id=\"54f21d8\" data-element_type=\"section\" data-e-type=\"section\">\n\t\t\t\t\t\t<div class=\"elementor-container elementor-column-gap-default\">\n\t\t\t\t\t<div class=\"elementor-column elementor-col-33 elementor-top-column elementor-element elementor-element-d4e9971\" data-id=\"d4e9971\" data-element_type=\"column\" data-e-type=\"column\">\n\t\t\t<div class=\"elementor-widget-wrap elementor-element-populated\">\n\t\t\t\t\t\t<div class=\"elementor-element elementor-element-64abe85 elementor-widget elementor-widget-image\" data-id=\"64abe85\" data-element_type=\"widget\" data-e-type=\"widget\" data-widget_type=\"image.default\">\n\t\t\t\t<div class=\"elementor-widget-container\">\n\t\t\t\t\t\t\t\t\t\t\t\t\t\t\t<img decoding=\"async\" width=\"1024\" height=\"255\" data-src=\"https:\/\/digitallaboratory.de\/wp-content\/uploads\/2019\/05\/Logo_DMG_MORI_Software_Solutions_sw-1024x255.jpg\" class=\"attachment-large size-large wp-image-709 lazyload\" alt=\"\" data-srcset=\"https:\/\/digitallaboratory.de\/wp-content\/uploads\/2019\/05\/Logo_DMG_MORI_Software_Solutions_sw-1024x255.jpg 1024w, https:\/\/digitallaboratory.de\/wp-content\/uploads\/2019\/05\/Logo_DMG_MORI_Software_Solutions_sw-300x75.jpg 300w, https:\/\/digitallaboratory.de\/wp-content\/uploads\/2019\/05\/Logo_DMG_MORI_Software_Solutions_sw-768x191.jpg 768w, https:\/\/digitallaboratory.de\/wp-content\/uploads\/2019\/05\/Logo_DMG_MORI_Software_Solutions_sw.jpg 2048w\" data-sizes=\"(max-width: 1024px) 100vw, 1024px\" src=\"data:image\/svg+xml;base64,PHN2ZyB3aWR0aD0iMSIgaGVpZ2h0PSIxIiB4bWxucz0iaHR0cDovL3d3dy53My5vcmcvMjAwMC9zdmciPjwvc3ZnPg==\" style=\"--smush-placeholder-width: 1024px; --smush-placeholder-aspect-ratio: 1024\/255;\" \/>\t\t\t\t\t\t\t\t\t\t\t\t\t\t\t<\/div>\n\t\t\t\t<\/div>\n\t\t\t\t\t<\/div>\n\t\t<\/div>\n\t\t\t\t<div class=\"elementor-column elementor-col-66 elementor-top-column elementor-element elementor-element-23a8362\" data-id=\"23a8362\" data-element_type=\"column\" data-e-type=\"column\">\n\t\t\t<div class=\"elementor-widget-wrap elementor-element-populated\">\n\t\t\t\t\t\t<div class=\"elementor-element elementor-element-8c01eb1 elementor-widget elementor-widget-text-editor\" data-id=\"8c01eb1\" data-element_type=\"widget\" data-e-type=\"widget\" data-widget_type=\"text-editor.default\">\n\t\t\t\t<div class=\"elementor-widget-container\">\n\t\t\t\t\t\t\t\t\t<p>Die DMG Mori Software Solution unterst\u00fctzt DMG MORI mit digitaler Probleml\u00f6sungskompetenz und entwickelt durchg\u00e4ngige Digitalisierungsl\u00f6sungen von Abl\u00e4ufen und Prozessen in und an der Maschine. Die Entwicklung des Digital Laboratory hat DMG Mori Software Solutions mitinitiiert und gro\u00dfz\u00fcgig unterst\u00fctzt.<\/p>\t\t\t\t\t\t\t\t<\/div>\n\t\t\t\t<\/div>\n\t\t\t\t\t<\/div>\n\t\t<\/div>\n\t\t\t\t\t<\/div>\n\t\t<\/section>\n\t\t\t\t<section class=\"elementor-section elementor-top-section elementor-element elementor-element-689baa9 elementor-section-boxed elementor-section-height-default elementor-section-height-default\" data-id=\"689baa9\" data-element_type=\"section\" data-e-type=\"section\">\n\t\t\t\t\t\t<div class=\"elementor-container elementor-column-gap-default\">\n\t\t\t\t\t<div class=\"elementor-column elementor-col-33 elementor-top-column elementor-element elementor-element-556d9d1\" data-id=\"556d9d1\" data-element_type=\"column\" data-e-type=\"column\">\n\t\t\t<div class=\"elementor-widget-wrap elementor-element-populated\">\n\t\t\t\t\t\t<div class=\"elementor-element elementor-element-7bae2c8 elementor-widget elementor-widget-image\" data-id=\"7bae2c8\" data-element_type=\"widget\" data-e-type=\"widget\" data-widget_type=\"image.default\">\n\t\t\t\t<div class=\"elementor-widget-container\">\n\t\t\t\t\t\t\t\t\t\t\t\t\t\t\t<img decoding=\"async\" width=\"250\" height=\"100\" data-src=\"https:\/\/digitallaboratory.de\/wp-content\/uploads\/2019\/04\/allmatic-logo.png\" class=\"attachment-large size-large wp-image-295 lazyload\" alt=\"\" src=\"data:image\/svg+xml;base64,PHN2ZyB3aWR0aD0iMSIgaGVpZ2h0PSIxIiB4bWxucz0iaHR0cDovL3d3dy53My5vcmcvMjAwMC9zdmciPjwvc3ZnPg==\" style=\"--smush-placeholder-width: 250px; --smush-placeholder-aspect-ratio: 250\/100;\" \/>\t\t\t\t\t\t\t\t\t\t\t\t\t\t\t<\/div>\n\t\t\t\t<\/div>\n\t\t\t\t\t<\/div>\n\t\t<\/div>\n\t\t\t\t<div class=\"elementor-column elementor-col-66 elementor-top-column elementor-element elementor-element-a5dd8d1\" data-id=\"a5dd8d1\" data-element_type=\"column\" data-e-type=\"column\">\n\t\t\t<div class=\"elementor-widget-wrap elementor-element-populated\">\n\t\t\t\t\t\t<div class=\"elementor-element elementor-element-025733b elementor-widget elementor-widget-text-editor\" data-id=\"025733b\" data-element_type=\"widget\" data-e-type=\"widget\" data-widget_type=\"text-editor.default\">\n\t\t\t\t<div class=\"elementor-widget-container\">\n\t\t\t\t\t\t\t\t\t<p>Seit 1973 konstruiert und baut ALLMATIC aus Unterthingau Maschinenschraubst\u00f6cke. Sie bieten hochdifferenzierte und modular aufgebaute L\u00f6sungen f\u00fcr das gesamte Anwendungsspektrum im Werkzeug- und Maschinenbau: F\u00fcr Kleinserienfertiger, Serienfertiger und Ausbildungsbetriebe. Das Digital Laboratory unterst\u00fctzt ALLMATIC mit High-Tech Spannsystemen, die via Bluetooth Daten an die Maschinensteuerung \u00fcbertragen k\u00f6nnen.<\/p>\t\t\t\t\t\t\t\t<\/div>\n\t\t\t\t<\/div>\n\t\t\t\t\t<\/div>\n\t\t<\/div>\n\t\t\t\t\t<\/div>\n\t\t<\/section>\n\t\t\t\t<section class=\"elementor-section elementor-top-section elementor-element elementor-element-0a27fcb elementor-section-boxed elementor-section-height-default elementor-section-height-default\" data-id=\"0a27fcb\" data-element_type=\"section\" data-e-type=\"section\">\n\t\t\t\t\t\t<div class=\"elementor-container elementor-column-gap-default\">\n\t\t\t\t\t<div class=\"elementor-column elementor-col-33 elementor-top-column elementor-element elementor-element-0c8a359\" data-id=\"0c8a359\" data-element_type=\"column\" data-e-type=\"column\">\n\t\t\t<div class=\"elementor-widget-wrap elementor-element-populated\">\n\t\t\t\t\t\t<div class=\"elementor-element elementor-element-6f90948 elementor-widget elementor-widget-image\" data-id=\"6f90948\" data-element_type=\"widget\" data-e-type=\"widget\" data-widget_type=\"image.default\">\n\t\t\t\t<div class=\"elementor-widget-container\">\n\t\t\t\t\t\t\t\t\t\t\t\t\t\t\t<img decoding=\"async\" width=\"400\" height=\"150\" data-src=\"https:\/\/digitallaboratory.de\/wp-content\/uploads\/2019\/05\/Ceratizit_Logo.png\" class=\"attachment-large size-large wp-image-707 lazyload\" alt=\"\" data-srcset=\"https:\/\/digitallaboratory.de\/wp-content\/uploads\/2019\/05\/Ceratizit_Logo.png 400w, https:\/\/digitallaboratory.de\/wp-content\/uploads\/2019\/05\/Ceratizit_Logo-300x113.png 300w\" data-sizes=\"(max-width: 400px) 100vw, 400px\" src=\"data:image\/svg+xml;base64,PHN2ZyB3aWR0aD0iMSIgaGVpZ2h0PSIxIiB4bWxucz0iaHR0cDovL3d3dy53My5vcmcvMjAwMC9zdmciPjwvc3ZnPg==\" style=\"--smush-placeholder-width: 400px; --smush-placeholder-aspect-ratio: 400\/150;\" \/>\t\t\t\t\t\t\t\t\t\t\t\t\t\t\t<\/div>\n\t\t\t\t<\/div>\n\t\t\t\t\t<\/div>\n\t\t<\/div>\n\t\t\t\t<div class=\"elementor-column elementor-col-66 elementor-top-column elementor-element elementor-element-73fbfad\" data-id=\"73fbfad\" data-element_type=\"column\" data-e-type=\"column\">\n\t\t\t<div class=\"elementor-widget-wrap elementor-element-populated\">\n\t\t\t\t\t\t<div class=\"elementor-element elementor-element-b72acce elementor-widget elementor-widget-text-editor\" data-id=\"b72acce\" data-element_type=\"widget\" data-e-type=\"widget\" data-widget_type=\"text-editor.default\">\n\t\t\t\t<div class=\"elementor-widget-container\">\n\t\t\t\t\t\t\t\t\t<p>Seit \u00fcber 95 Jahren entwickelt und fertigt CERATIZIT anspruchsvolle Hartstoffl\u00f6sungen f\u00fcr Zerspanung und Verschlei\u00dfschutz: Ob hochspezialisierte Zerspanungswerkzeuge, Wendeschneidplatten, St\u00e4be aus Hartmetall oder neue Hartmetall- und Cermetsorten. CERATIZIT ist ein Sponsor vom Digital Laboratory und stellt gro\u00dfz\u00fcgig neueste Qualit\u00e4tswerkzeuge zur Zerspanung ihrer Marke WNT aus dem Logistik Zentrum Kempten zur Verf\u00fcgung.<\/p>\t\t\t\t\t\t\t\t<\/div>\n\t\t\t\t<\/div>\n\t\t\t\t\t<\/div>\n\t\t<\/div>\n\t\t\t\t\t<\/div>\n\t\t<\/section>\n\t\t\t\t<section class=\"elementor-section elementor-top-section elementor-element elementor-element-6e929d6 elementor-section-boxed elementor-section-height-default elementor-section-height-default\" data-id=\"6e929d6\" data-element_type=\"section\" data-e-type=\"section\">\n\t\t\t\t\t\t<div class=\"elementor-container elementor-column-gap-default\">\n\t\t\t\t\t<div class=\"elementor-column elementor-col-33 elementor-top-column elementor-element elementor-element-ffa72be\" data-id=\"ffa72be\" data-element_type=\"column\" data-e-type=\"column\">\n\t\t\t<div class=\"elementor-widget-wrap elementor-element-populated\">\n\t\t\t\t\t\t<div class=\"elementor-element elementor-element-dac9eb4 elementor-widget elementor-widget-image\" data-id=\"dac9eb4\" data-element_type=\"widget\" data-e-type=\"widget\" data-widget_type=\"image.default\">\n\t\t\t\t<div class=\"elementor-widget-container\">\n\t\t\t\t\t\t\t\t\t\t\t\t\t\t\t<img decoding=\"async\" width=\"250\" height=\"100\" data-src=\"https:\/\/digitallaboratory.de\/wp-content\/uploads\/2019\/04\/fuchs-logo-1.png\" class=\"attachment-large size-large wp-image-296 lazyload\" alt=\"\" src=\"data:image\/svg+xml;base64,PHN2ZyB3aWR0aD0iMSIgaGVpZ2h0PSIxIiB4bWxucz0iaHR0cDovL3d3dy53My5vcmcvMjAwMC9zdmciPjwvc3ZnPg==\" style=\"--smush-placeholder-width: 250px; --smush-placeholder-aspect-ratio: 250\/100;\" \/>\t\t\t\t\t\t\t\t\t\t\t\t\t\t\t<\/div>\n\t\t\t\t<\/div>\n\t\t\t\t\t<\/div>\n\t\t<\/div>\n\t\t\t\t<div class=\"elementor-column elementor-col-66 elementor-top-column elementor-element elementor-element-a95710b\" data-id=\"a95710b\" data-element_type=\"column\" data-e-type=\"column\">\n\t\t\t<div class=\"elementor-widget-wrap elementor-element-populated\">\n\t\t\t\t\t\t<div class=\"elementor-element elementor-element-b48eb9a elementor-widget elementor-widget-text-editor\" data-id=\"b48eb9a\" data-element_type=\"widget\" data-e-type=\"widget\" data-widget_type=\"text-editor.default\">\n\t\t\t\t<div class=\"elementor-widget-container\">\n\t\t\t\t\t\t\t\t\t<p>FUCHS ist ein global operierender Konzern mit deutschen Wurzeln, der Schmierstoffe und verwandte Spezialit\u00e4ten entwickelt, herstellt und vertreibt. Das Unternehmen ist der weltweit gr\u00f6\u00dfte Anbieter unter den unabh\u00e4ngigen Schmierstoffherstellern. FUCHS unterst\u00fctzt das Digital Laboratory mit Qualit\u00e4tsschmierstoffen und richtete au\u00dferdem ein K\u00fchl- und Schmierstoff Labor ein.<\/p>\t\t\t\t\t\t\t\t<\/div>\n\t\t\t\t<\/div>\n\t\t\t\t\t<\/div>\n\t\t<\/div>\n\t\t\t\t\t<\/div>\n\t\t<\/section>\n\t\t\t\t<\/div>\n\t\t","protected":false},"excerpt":{"rendered":"<p>Durch DMG MORI, einem weltweit f\u00fchrender Hersteller von CNC-gesteuerten Dreh- und Fr\u00e4smaschinen, wurde die Gr\u00fcndung des Digital Laboratory mitinitiiert. Mit der DMU 75 Monoblock von DECKEL MAHO wurde das Digital Laboratory mit einer hochmodernen 5-Achs-Fr\u00e4smaschine ausgestattet, die ein gro\u00dfes Sensorpacket, einen Sp\u00e4nef\u00f6rderer und Aggregate f\u00fcr den K\u00fchl-Schmierstoff Kreislauf enth\u00e4lt. Die DMG Mori Software Solution unterst\u00fctzt&hellip;<\/p>\n","protected":false},"author":1,"featured_media":0,"parent":0,"menu_order":0,"comment_status":"closed","ping_status":"closed","template":"","meta":{"footnotes":""},"class_list":["post-477","page","type-page","status-publish","hentry"],"yoast_head":"<!-- This site is optimized with the Yoast SEO plugin v27.1.1 - https:\/\/yoast.com\/product\/yoast-seo-wordpress\/ -->\n<title>Industriepartner - Digital Laboratory<\/title>\n<meta name=\"description\" content=\"Digital, Laboratory, Lab, Digitalisierung, Industrie, 4.0, Industrie 4.0, Kempten, Hochschule, Hochschule Kempten, Forschung, Forschungszentrum, Allg\u00e4u, Forschungszentrum Allg\u00e4u, Innovation, DMG Mori, Software, Informatik, Maschinenbau\" \/>\n<meta name=\"robots\" content=\"index, follow, max-snippet:-1, max-image-preview:large, max-video-preview:-1\" \/>\n<link rel=\"canonical\" href=\"https:\/\/digitallaboratory.de\/?page_id=477\" \/>\n<meta property=\"og:locale\" content=\"de_DE\" \/>\n<meta property=\"og:type\" content=\"article\" \/>\n<meta property=\"og:title\" content=\"Industriepartner - Digital Laboratory\" \/>\n<meta property=\"og:description\" content=\"Digital, Laboratory, Lab, Digitalisierung, Industrie, 4.0, Industrie 4.0, Kempten, Hochschule, Hochschule Kempten, Forschung, Forschungszentrum, Allg\u00e4u, Forschungszentrum Allg\u00e4u, Innovation, DMG Mori, Software, Informatik, Maschinenbau\" \/>\n<meta property=\"og:url\" content=\"https:\/\/digitallaboratory.de\/?page_id=477\" \/>\n<meta property=\"og:site_name\" content=\"Digital Laboratory\" \/>\n<meta property=\"article:modified_time\" content=\"2026-01-12T15:17:23+00:00\" \/>\n<meta property=\"og:image\" content=\"https:\/\/digitallaboratory.de\/wp-content\/uploads\/2025\/12\/DMGMORI-Pfronten-1.png\" \/>\n\t<meta property=\"og:image:width\" content=\"1177\" \/>\n\t<meta property=\"og:image:height\" content=\"276\" \/>\n\t<meta property=\"og:image:type\" content=\"image\/png\" \/>\n<meta name=\"twitter:card\" content=\"summary_large_image\" \/>\n<meta name=\"twitter:label1\" content=\"Gesch\u00e4tzte Lesezeit\" \/>\n\t<meta name=\"twitter:data1\" content=\"3\u00a0Minuten\" \/>\n<script type=\"application\/ld+json\" class=\"yoast-schema-graph\">{\"@context\":\"https:\/\/schema.org\",\"@graph\":[{\"@type\":\"WebPage\",\"@id\":\"https:\/\/digitallaboratory.de\/?page_id=477\",\"url\":\"https:\/\/digitallaboratory.de\/?page_id=477\",\"name\":\"Industriepartner - Digital Laboratory\",\"isPartOf\":{\"@id\":\"https:\/\/digitallaboratory.de\/#website\"},\"primaryImageOfPage\":{\"@id\":\"https:\/\/digitallaboratory.de\/?page_id=477#primaryimage\"},\"image\":{\"@id\":\"https:\/\/digitallaboratory.de\/?page_id=477#primaryimage\"},\"thumbnailUrl\":\"https:\/\/digitallaboratory.de\/wp-content\/uploads\/2025\/12\/DMGMORI-Pfronten-1-1024x240.png\",\"datePublished\":\"2019-05-20T11:14:53+00:00\",\"dateModified\":\"2026-01-12T15:17:23+00:00\",\"description\":\"Digital, Laboratory, Lab, Digitalisierung, Industrie, 4.0, Industrie 4.0, Kempten, Hochschule, Hochschule Kempten, Forschung, Forschungszentrum, Allg\u00e4u, Forschungszentrum Allg\u00e4u, Innovation, DMG Mori, Software, Informatik, Maschinenbau\",\"breadcrumb\":{\"@id\":\"https:\/\/digitallaboratory.de\/?page_id=477#breadcrumb\"},\"inLanguage\":\"de\",\"potentialAction\":[{\"@type\":\"ReadAction\",\"target\":[\"https:\/\/digitallaboratory.de\/?page_id=477\"]}]},{\"@type\":\"ImageObject\",\"inLanguage\":\"de\",\"@id\":\"https:\/\/digitallaboratory.de\/?page_id=477#primaryimage\",\"url\":\"https:\/\/digitallaboratory.de\/wp-content\/uploads\/2025\/12\/DMGMORI-Pfronten-1.png\",\"contentUrl\":\"https:\/\/digitallaboratory.de\/wp-content\/uploads\/2025\/12\/DMGMORI-Pfronten-1.png\",\"width\":1177,\"height\":276},{\"@type\":\"BreadcrumbList\",\"@id\":\"https:\/\/digitallaboratory.de\/?page_id=477#breadcrumb\",\"itemListElement\":[{\"@type\":\"ListItem\",\"position\":1,\"name\":\"Home\",\"item\":\"https:\/\/digitallaboratory.de\/\"},{\"@type\":\"ListItem\",\"position\":2,\"name\":\"Industriepartner\"}]},{\"@type\":\"WebSite\",\"@id\":\"https:\/\/digitallaboratory.de\/#website\",\"url\":\"https:\/\/digitallaboratory.de\/\",\"name\":\"Digital Laboratory\",\"description\":\"Forschungszentrum Allg\u00e4u\",\"publisher\":{\"@id\":\"https:\/\/digitallaboratory.de\/#organization\"},\"potentialAction\":[{\"@type\":\"SearchAction\",\"target\":{\"@type\":\"EntryPoint\",\"urlTemplate\":\"https:\/\/digitallaboratory.de\/?s={search_term_string}\"},\"query-input\":{\"@type\":\"PropertyValueSpecification\",\"valueRequired\":true,\"valueName\":\"search_term_string\"}}],\"inLanguage\":\"de\"},{\"@type\":\"Organization\",\"@id\":\"https:\/\/digitallaboratory.de\/#organization\",\"name\":\"Digital Laboratory\",\"url\":\"https:\/\/digitallaboratory.de\/\",\"logo\":{\"@type\":\"ImageObject\",\"inLanguage\":\"de\",\"@id\":\"https:\/\/digitallaboratory.de\/#\/schema\/logo\/image\/\",\"url\":\"https:\/\/digitallaboratory.de\/wp-content\/uploads\/2019\/05\/DigitalLab_Logo.png\",\"contentUrl\":\"https:\/\/digitallaboratory.de\/wp-content\/uploads\/2019\/05\/DigitalLab_Logo.png\",\"width\":852,\"height\":115,\"caption\":\"Digital Laboratory\"},\"image\":{\"@id\":\"https:\/\/digitallaboratory.de\/#\/schema\/logo\/image\/\"}}]}<\/script>\n<!-- \/ Yoast SEO plugin. -->","yoast_head_json":{"title":"Industriepartner - Digital Laboratory","description":"Digital, Laboratory, Lab, Digitalisierung, Industrie, 4.0, Industrie 4.0, Kempten, Hochschule, Hochschule Kempten, Forschung, Forschungszentrum, Allg\u00e4u, Forschungszentrum Allg\u00e4u, Innovation, DMG Mori, Software, Informatik, Maschinenbau","robots":{"index":"index","follow":"follow","max-snippet":"max-snippet:-1","max-image-preview":"max-image-preview:large","max-video-preview":"max-video-preview:-1"},"canonical":"https:\/\/digitallaboratory.de\/?page_id=477","og_locale":"de_DE","og_type":"article","og_title":"Industriepartner - Digital Laboratory","og_description":"Digital, Laboratory, Lab, Digitalisierung, Industrie, 4.0, Industrie 4.0, Kempten, Hochschule, Hochschule Kempten, Forschung, Forschungszentrum, Allg\u00e4u, Forschungszentrum Allg\u00e4u, Innovation, DMG Mori, Software, Informatik, Maschinenbau","og_url":"https:\/\/digitallaboratory.de\/?page_id=477","og_site_name":"Digital Laboratory","article_modified_time":"2026-01-12T15:17:23+00:00","og_image":[{"width":1177,"height":276,"url":"https:\/\/digitallaboratory.de\/wp-content\/uploads\/2025\/12\/DMGMORI-Pfronten-1.png","type":"image\/png"}],"twitter_card":"summary_large_image","twitter_misc":{"Gesch\u00e4tzte Lesezeit":"3\u00a0Minuten"},"schema":{"@context":"https:\/\/schema.org","@graph":[{"@type":"WebPage","@id":"https:\/\/digitallaboratory.de\/?page_id=477","url":"https:\/\/digitallaboratory.de\/?page_id=477","name":"Industriepartner - Digital Laboratory","isPartOf":{"@id":"https:\/\/digitallaboratory.de\/#website"},"primaryImageOfPage":{"@id":"https:\/\/digitallaboratory.de\/?page_id=477#primaryimage"},"image":{"@id":"https:\/\/digitallaboratory.de\/?page_id=477#primaryimage"},"thumbnailUrl":"https:\/\/digitallaboratory.de\/wp-content\/uploads\/2025\/12\/DMGMORI-Pfronten-1-1024x240.png","datePublished":"2019-05-20T11:14:53+00:00","dateModified":"2026-01-12T15:17:23+00:00","description":"Digital, Laboratory, Lab, Digitalisierung, Industrie, 4.0, Industrie 4.0, Kempten, Hochschule, Hochschule Kempten, Forschung, Forschungszentrum, Allg\u00e4u, Forschungszentrum Allg\u00e4u, Innovation, DMG Mori, Software, Informatik, Maschinenbau","breadcrumb":{"@id":"https:\/\/digitallaboratory.de\/?page_id=477#breadcrumb"},"inLanguage":"de","potentialAction":[{"@type":"ReadAction","target":["https:\/\/digitallaboratory.de\/?page_id=477"]}]},{"@type":"ImageObject","inLanguage":"de","@id":"https:\/\/digitallaboratory.de\/?page_id=477#primaryimage","url":"https:\/\/digitallaboratory.de\/wp-content\/uploads\/2025\/12\/DMGMORI-Pfronten-1.png","contentUrl":"https:\/\/digitallaboratory.de\/wp-content\/uploads\/2025\/12\/DMGMORI-Pfronten-1.png","width":1177,"height":276},{"@type":"BreadcrumbList","@id":"https:\/\/digitallaboratory.de\/?page_id=477#breadcrumb","itemListElement":[{"@type":"ListItem","position":1,"name":"Home","item":"https:\/\/digitallaboratory.de\/"},{"@type":"ListItem","position":2,"name":"Industriepartner"}]},{"@type":"WebSite","@id":"https:\/\/digitallaboratory.de\/#website","url":"https:\/\/digitallaboratory.de\/","name":"Digital Laboratory","description":"Forschungszentrum Allg\u00e4u","publisher":{"@id":"https:\/\/digitallaboratory.de\/#organization"},"potentialAction":[{"@type":"SearchAction","target":{"@type":"EntryPoint","urlTemplate":"https:\/\/digitallaboratory.de\/?s={search_term_string}"},"query-input":{"@type":"PropertyValueSpecification","valueRequired":true,"valueName":"search_term_string"}}],"inLanguage":"de"},{"@type":"Organization","@id":"https:\/\/digitallaboratory.de\/#organization","name":"Digital Laboratory","url":"https:\/\/digitallaboratory.de\/","logo":{"@type":"ImageObject","inLanguage":"de","@id":"https:\/\/digitallaboratory.de\/#\/schema\/logo\/image\/","url":"https:\/\/digitallaboratory.de\/wp-content\/uploads\/2019\/05\/DigitalLab_Logo.png","contentUrl":"https:\/\/digitallaboratory.de\/wp-content\/uploads\/2019\/05\/DigitalLab_Logo.png","width":852,"height":115,"caption":"Digital Laboratory"},"image":{"@id":"https:\/\/digitallaboratory.de\/#\/schema\/logo\/image\/"}}]}},"_links":{"self":[{"href":"https:\/\/digitallaboratory.de\/index.php?rest_route=\/wp\/v2\/pages\/477","targetHints":{"allow":["GET"]}}],"collection":[{"href":"https:\/\/digitallaboratory.de\/index.php?rest_route=\/wp\/v2\/pages"}],"about":[{"href":"https:\/\/digitallaboratory.de\/index.php?rest_route=\/wp\/v2\/types\/page"}],"author":[{"embeddable":true,"href":"https:\/\/digitallaboratory.de\/index.php?rest_route=\/wp\/v2\/users\/1"}],"replies":[{"embeddable":true,"href":"https:\/\/digitallaboratory.de\/index.php?rest_route=%2Fwp%2Fv2%2Fcomments&post=477"}],"version-history":[{"count":14,"href":"https:\/\/digitallaboratory.de\/index.php?rest_route=\/wp\/v2\/pages\/477\/revisions"}],"predecessor-version":[{"id":1961,"href":"https:\/\/digitallaboratory.de\/index.php?rest_route=\/wp\/v2\/pages\/477\/revisions\/1961"}],"wp:attachment":[{"href":"https:\/\/digitallaboratory.de\/index.php?rest_route=%2Fwp%2Fv2%2Fmedia&parent=477"}],"curies":[{"name":"wp","href":"https:\/\/api.w.org\/{rel}","templated":true}]}}